{"id":3637,"date":"2024-04-24T09:55:50","date_gmt":"2024-04-24T07:55:50","guid":{"rendered":"https:\/\/www.metal-expert.com\/certificazioni\/"},"modified":"2025-01-16T20:11:58","modified_gmt":"2025-01-16T19:11:58","slug":"certificacoes","status":"publish","type":"page","link":"https:\/\/www.metal-expert.com\/pt-pt\/certificacoes\/","title":{"rendered":"Certifica\u00e7\u00f5es"},"content":{"rendered":"\t\t<div data-elementor-type=\"wp-page\" data-elementor-id=\"3637\" class=\"elementor elementor-3637 elementor-1382\" data-elementor-post-type=\"page\">\n\t\t\t\t<div class=\"elementor-element elementor-element-398004e e-flex e-con-boxed e-con e-parent\" data-id=\"398004e\" data-element_type=\"container\" data-settings=\"{&quot;background_background&quot;:&quot;classic&quot;}\">\n\t\t\t\t\t<div class=\"e-con-inner\">\n\t\t\t\t<div class=\"elementor-element elementor-element-4993b8a elementor-widget elementor-widget-spacer\" data-id=\"4993b8a\" data-element_type=\"widget\" data-widget_type=\"spacer.default\">\n\t\t\t\t<div class=\"elementor-widget-container\">\n\t\t\t\t\t\t\t<div class=\"elementor-spacer\">\n\t\t\t<div class=\"elementor-spacer-inner\"><\/div>\n\t\t<\/div>\n\t\t\t\t\t\t<\/div>\n\t\t\t\t<\/div>\n\t\t\t\t<div class=\"elementor-element elementor-element-f3a87d0 elementor-view-default elementor-widget elementor-widget-icon\" data-id=\"f3a87d0\" data-element_type=\"widget\" data-widget_type=\"icon.default\">\n\t\t\t\t<div class=\"elementor-widget-container\">\n\t\t\t\t\t\t\t<div class=\"elementor-icon-wrapper\">\n\t\t\t<div class=\"elementor-icon\">\n\t\t\t<svg xmlns=\"http:\/\/www.w3.org\/2000\/svg\" width=\"79.655\" height=\"90\" viewBox=\"0 0 79.655 90\"><path id=\"contract_FILL0_wght100_GRAD0_opsz48\" d=\"M180.276-738a7.985,7.985,0,0,1-5.867-2.408A7.985,7.985,0,0,1,172-746.276v-14.483h15.517V-828h64.138v81.724a7.985,7.985,0,0,1-2.408,5.867A7.835,7.835,0,0,1,243.509-738Zm63.221-2.845a5.088,5.088,0,0,0,3.781-1.561,5.307,5.307,0,0,0,1.532-3.87v-78.879H190.362v64.4h47.715v14.547a5.167,5.167,0,0,0,1.558,3.824A5.271,5.271,0,0,0,243.5-740.845Zm-44.6-63.362v-2.845h41.379v2.845Zm0,13.966v-2.845h41.379v2.845Zm-18.815,49.4h55.151v-17.069H174.845v11.638a5.274,5.274,0,0,0,1.551,3.87A5.018,5.018,0,0,0,180.082-740.845Zm0,0h0Z\" transform=\"translate(-172 828)\" fill=\"#ef7b05\"><\/path><\/svg>\t\t\t<\/div>\n\t\t<\/div>\n\t\t\t\t\t\t<\/div>\n\t\t\t\t<\/div>\n\t\t\t\t<div class=\"elementor-element elementor-element-525167d elementor-widget elementor-widget-heading\" data-id=\"525167d\" data-element_type=\"widget\" data-widget_type=\"heading.default\">\n\t\t\t\t<div class=\"elementor-widget-container\">\n\t\t\t\t\t<h1 class=\"elementor-heading-title elementor-size-default\">CERTIFICA\u00c7\u00d5ES<\/h1>\t\t\t\t<\/div>\n\t\t\t\t<\/div>\n\t\t\t\t<div class=\"elementor-element elementor-element-30e7af2 elementor-widget elementor-widget-spacer\" data-id=\"30e7af2\" data-element_type=\"widget\" data-widget_type=\"spacer.default\">\n\t\t\t\t<div class=\"elementor-widget-container\">\n\t\t\t\t\t\t\t<div class=\"elementor-spacer\">\n\t\t\t<div class=\"elementor-spacer-inner\"><\/div>\n\t\t<\/div>\n\t\t\t\t\t\t<\/div>\n\t\t\t\t<\/div>\n\t\t\t\t<div class=\"elementor-element elementor-element-d51d35a elementor-widget elementor-widget-text-editor\" data-id=\"d51d35a\" data-element_type=\"widget\" data-widget_type=\"text-editor.default\">\n\t\t\t\t<div class=\"elementor-widget-container\">\n\t\t\t\t\t\t\t\t\t<p>Com foco na melhoria cont\u00ednua nas \u00e1reas de qualidade, meio ambiente e seguran\u00e7a, desenvolvemos um sistema de gest\u00e3o eficaz que atende aos requisitos das seguintes normas: EN 1090 &#8211; 1:2009 + A1:2011; UNI EN ISO 9001:2015; UNI EN ISO 14001:2015.<\/p><p>Al\u00e9m disso, nossos produtos foram testados de acordo com as normas vigentes em nossa \u00c1rea de Testes por organismos de certifica\u00e7\u00e3o acreditados. A tabela a seguir (\u201cValores de carga para diferentes categorias de uso da constru\u00e7\u00e3o\u201d ref. NTC 2018) identifica a carga m\u00e1xima horizontal de trabalho para cada modelo (Hk), dependendo do ambiente de instala\u00e7\u00e3o.<\/p>\t\t\t\t\t\t\t\t<\/div>\n\t\t\t\t<\/div>\n\t\t\t\t<div class=\"elementor-element elementor-element-159655e elementor-widget elementor-widget-spacer\" data-id=\"159655e\" data-element_type=\"widget\" data-widget_type=\"spacer.default\">\n\t\t\t\t<div class=\"elementor-widget-container\">\n\t\t\t\t\t\t\t<div class=\"elementor-spacer\">\n\t\t\t<div class=\"elementor-spacer-inner\"><\/div>\n\t\t<\/div>\n\t\t\t\t\t\t<\/div>\n\t\t\t\t<\/div>\n\t\t\t\t\t<\/div>\n\t\t\t\t<\/div>\n\t\t<div class=\"elementor-element elementor-element-0b682a2 e-flex e-con-boxed e-con e-parent\" data-id=\"0b682a2\" data-element_type=\"container\">\n\t\t\t\t\t<div class=\"e-con-inner\">\n\t\t\t\t<div class=\"elementor-element elementor-element-714bc5e elementor-widget elementor-widget-image\" data-id=\"714bc5e\" data-element_type=\"widget\" data-widget_type=\"image.default\">\n\t\t\t\t<div class=\"elementor-widget-container\">\n\t\t\t\t\t\t\t\t\t\t\t\t\t\t\t<img fetchpriority=\"high\" decoding=\"async\" width=\"2292\" height=\"877\" src=\"https:\/\/www.metal-expert.com\/wp-content\/uploads\/2025\/01\/certificazioni-pt.jpg\" class=\"attachment-full size-full wp-image-3762\" alt=\"\" srcset=\"https:\/\/www.metal-expert.com\/wp-content\/uploads\/2025\/01\/certificazioni-pt.jpg 2292w, https:\/\/www.metal-expert.com\/wp-content\/uploads\/2025\/01\/certificazioni-pt-300x115.jpg 300w, https:\/\/www.metal-expert.com\/wp-content\/uploads\/2025\/01\/certificazioni-pt-1024x392.jpg 1024w, https:\/\/www.metal-expert.com\/wp-content\/uploads\/2025\/01\/certificazioni-pt-768x294.jpg 768w, https:\/\/www.metal-expert.com\/wp-content\/uploads\/2025\/01\/certificazioni-pt-1536x588.jpg 1536w, https:\/\/www.metal-expert.com\/wp-content\/uploads\/2025\/01\/certificazioni-pt-2048x784.jpg 2048w\" sizes=\"(max-width: 2292px) 100vw, 2292px\" \/>\t\t\t\t\t\t\t\t\t\t\t\t\t\t\t<\/div>\n\t\t\t\t<\/div>\n\t\t\t\t\t<\/div>\n\t\t\t\t<\/div>\n\t\t<div class=\"elementor-element elementor-element-4b632b9 e-flex e-con-boxed e-con e-parent\" data-id=\"4b632b9\" data-element_type=\"container\">\n\t\t\t\t\t<div class=\"e-con-inner\">\n\t\t\t\t<div class=\"elementor-element elementor-element-19b0fe6 elementor-widget__width-initial elementor-widget elementor-widget-image\" data-id=\"19b0fe6\" data-element_type=\"widget\" data-widget_type=\"image.default\">\n\t\t\t\t<div class=\"elementor-widget-container\">\n\t\t\t\t\t\t\t\t\t\t\t\t\t\t\t<img decoding=\"async\" width=\"495\" height=\"496\" src=\"https:\/\/www.metal-expert.com\/wp-content\/uploads\/2024\/12\/certificazione_qualita.jpg\" class=\"attachment-large size-large wp-image-3666\" alt=\"\" srcset=\"https:\/\/www.metal-expert.com\/wp-content\/uploads\/2024\/12\/certificazione_qualita.jpg 495w, https:\/\/www.metal-expert.com\/wp-content\/uploads\/2024\/12\/certificazione_qualita-300x300.jpg 300w, https:\/\/www.metal-expert.com\/wp-content\/uploads\/2024\/12\/certificazione_qualita-150x150.jpg 150w, https:\/\/www.metal-expert.com\/wp-content\/uploads\/2024\/12\/certificazione_qualita-60x60.jpg 60w\" sizes=\"(max-width: 495px) 100vw, 495px\" \/>\t\t\t\t\t\t\t\t\t\t\t\t\t\t\t<\/div>\n\t\t\t\t<\/div>\n\t\t<div class=\"elementor-element elementor-element-3a43668 e-con-full e-flex e-con e-child\" data-id=\"3a43668\" data-element_type=\"container\">\n\t\t\t\t<div class=\"elementor-element elementor-element-b0c5c4f elementor-widget elementor-widget-heading\" data-id=\"b0c5c4f\" data-element_type=\"widget\" data-widget_type=\"heading.default\">\n\t\t\t\t<div class=\"elementor-widget-container\">\n\t\t\t\t\t<h2 class=\"elementor-heading-title elementor-size-default\">Certificazione di Qualit\u00e0<\/h2>\t\t\t\t<\/div>\n\t\t\t\t<\/div>\n\t\t\t\t<div class=\"elementor-element elementor-element-f45fdb7 elementor-widget elementor-widget-text-editor\" data-id=\"f45fdb7\" data-element_type=\"widget\" data-widget_type=\"text-editor.default\">\n\t\t\t\t<div class=\"elementor-widget-container\">\n\t\t\t\t\t\t\t\t\t<p>La competitivit\u00e0 di un\u2019organizzazione sul mercato \u00e8 determinata anche dalla qualit\u00e0 dei suoi processi, premiata dalle certificazioni ottenute.<br \/><br \/>In passato le organizzazioni puntavano su produttivit\u00e0 e prezzo per raggiungere il successo, oggi non si pu\u00f2 prescindere da innovazione, unicit\u00e0 e capacit\u00e0 di miglioramento continuo per realizzare un prodotto o un servizio in grado di soddisfare i cambiamenti del mercato e le richieste dei clienti.<br \/><br \/>Per Ind.i.a. \u00e8 fondamentale qualificare le proprie realt\u00e0 attraverso un sistema di gestione della qualit\u00e0: la certificazione di sistema secondo lo standard ISO 9001 \u00e8 un efficace strumento di lavoro che guida tutte le attivit\u00e0 migliorando l\u2019efficienza e la produttivit\u00e0 interna, orientando l\u2019azienda verso un costante miglioramento.<br \/><br \/>La ISO 9001 \u00e8 stata ottenuta gi\u00e0 nel 1999, poi rinnovata annualmente, fino al pi\u00f9 recente adeguamento alla norma ISO 9001:2015.<\/p>\t\t\t\t\t\t\t\t<\/div>\n\t\t\t\t<\/div>\n\t\t\t\t<div class=\"elementor-element elementor-element-275d0cb elementor-widget elementor-widget-button\" data-id=\"275d0cb\" data-element_type=\"widget\" data-widget_type=\"button.default\">\n\t\t\t\t<div class=\"elementor-widget-container\">\n\t\t\t\t\t\t\t\t\t<div class=\"elementor-button-wrapper\">\n\t\t\t\t\t<a class=\"elementor-button elementor-button-link elementor-size-sm\" href=\"https:\/\/www.metal-expert.com\/wp-content\/uploads\/2024\/12\/CERTIFICATO-ISO-9001-2024-02-15-Validity-2027-02-14.pdf\" target=\"_blank\">\n\t\t\t\t\t\t<span class=\"elementor-button-content-wrapper\">\n\t\t\t\t\t\t\t\t\t<span class=\"elementor-button-text\">Scarica il PDF<\/span>\n\t\t\t\t\t<\/span>\n\t\t\t\t\t<\/a>\n\t\t\t\t<\/div>\n\t\t\t\t\t\t\t\t<\/div>\n\t\t\t\t<\/div>\n\t\t\t\t<\/div>\n\t\t\t\t\t<\/div>\n\t\t\t\t<\/div>\n\t\t<div class=\"elementor-element elementor-element-6cf9550 e-flex e-con-boxed e-con e-parent\" data-id=\"6cf9550\" data-element_type=\"container\">\n\t\t\t\t\t<div class=\"e-con-inner\">\n\t\t\t\t<div class=\"elementor-element elementor-element-ea7e06f elementor-widget__width-initial elementor-widget elementor-widget-image\" data-id=\"ea7e06f\" data-element_type=\"widget\" data-widget_type=\"image.default\">\n\t\t\t\t<div class=\"elementor-widget-container\">\n\t\t\t\t\t\t\t\t\t\t\t\t\t\t\t<img decoding=\"async\" width=\"495\" height=\"496\" src=\"https:\/\/www.metal-expert.com\/wp-content\/uploads\/2024\/12\/certificazione_ambientale.jpg\" class=\"attachment-large size-large wp-image-3665\" alt=\"\" srcset=\"https:\/\/www.metal-expert.com\/wp-content\/uploads\/2024\/12\/certificazione_ambientale.jpg 495w, https:\/\/www.metal-expert.com\/wp-content\/uploads\/2024\/12\/certificazione_ambientale-300x300.jpg 300w, https:\/\/www.metal-expert.com\/wp-content\/uploads\/2024\/12\/certificazione_ambientale-150x150.jpg 150w, https:\/\/www.metal-expert.com\/wp-content\/uploads\/2024\/12\/certificazione_ambientale-60x60.jpg 60w\" sizes=\"(max-width: 495px) 100vw, 495px\" \/>\t\t\t\t\t\t\t\t\t\t\t\t\t\t\t<\/div>\n\t\t\t\t<\/div>\n\t\t<div class=\"elementor-element elementor-element-8addfc1 e-con-full e-flex e-con e-child\" data-id=\"8addfc1\" data-element_type=\"container\">\n\t\t\t\t<div class=\"elementor-element elementor-element-f48db12 elementor-widget elementor-widget-heading\" data-id=\"f48db12\" data-element_type=\"widget\" data-widget_type=\"heading.default\">\n\t\t\t\t<div class=\"elementor-widget-container\">\n\t\t\t\t\t<h2 class=\"elementor-heading-title elementor-size-default\">Certificazione Ambientale<\/h2>\t\t\t\t<\/div>\n\t\t\t\t<\/div>\n\t\t\t\t<div class=\"elementor-element elementor-element-5499da5 elementor-widget elementor-widget-text-editor\" data-id=\"5499da5\" data-element_type=\"widget\" data-widget_type=\"text-editor.default\">\n\t\t\t\t<div class=\"elementor-widget-container\">\n\t\t\t\t\t\t\t\t\t<p>Sviluppo sostenibile, prevenzione dell\u2019inquinamento, eco-compatibilit\u00e0 dei prodotti, miglioramento continuo sono termini entrati nella quotidianit\u00e0 di Ind.i.a.<br \/><br \/>La certificazione ambientale secondo lo standard ISO 14001, o la dichiarazione ambientale EMAS, sono gli strumenti che organizzazioni private e pubbliche hanno a disposizione per raggiungere l\u2019obiettivo di uno sviluppo sostenibile: partendo da questi presupposti, Ind.i.a. si \u00e8 sempre impegnata con strumenti organizzativi di gestione dell\u2019impatto delle sue attivit\u00e0 sull\u2019ambiente e gi\u00e0 nel febbraio 2006 ha ottenuto la certificazione ISO 14001:2015.<br \/><br \/>Tale certificazione non \u00e8 obbligatoria, \u00e8 quindi l\u2019organizzazione che, volontariamente, ha deciso di supportare e mantenere un comportamento virtuoso dal punto di vista della sostenibilit\u00e0 ambientale.<\/p>\t\t\t\t\t\t\t\t<\/div>\n\t\t\t\t<\/div>\n\t\t\t\t<div class=\"elementor-element elementor-element-0f238b5 elementor-widget elementor-widget-button\" data-id=\"0f238b5\" data-element_type=\"widget\" data-widget_type=\"button.default\">\n\t\t\t\t<div class=\"elementor-widget-container\">\n\t\t\t\t\t\t\t\t\t<div class=\"elementor-button-wrapper\">\n\t\t\t\t\t<a class=\"elementor-button elementor-button-link elementor-size-sm\" href=\"https:\/\/www.metal-expert.com\/wp-content\/uploads\/2024\/12\/CERTIFICATO-ISO-14001-2024-02-17-Validity-2027-02-16.pdf\" target=\"_blank\">\n\t\t\t\t\t\t<span class=\"elementor-button-content-wrapper\">\n\t\t\t\t\t\t\t\t\t<span class=\"elementor-button-text\">Scarica il PDF<\/span>\n\t\t\t\t\t<\/span>\n\t\t\t\t\t<\/a>\n\t\t\t\t<\/div>\n\t\t\t\t\t\t\t\t<\/div>\n\t\t\t\t<\/div>\n\t\t\t\t<\/div>\n\t\t\t\t\t<\/div>\n\t\t\t\t<\/div>\n\t\t\t\t<\/div>\n\t\t","protected":false},"excerpt":{"rendered":"<p>CERTIFICA\u00c7\u00d5ES Com foco na melhoria cont\u00ednua nas \u00e1reas de qualidade, meio ambiente e seguran\u00e7a, desenvolvemos um sistema de gest\u00e3o eficaz que atende aos requisitos das seguintes normas: EN 1090 &#8211; 1:2009 + A1:2011; UNI EN ISO 9001:2015; UNI EN ISO 14001:2015. Al\u00e9m disso, nossos produtos foram testados de acordo com as normas vigentes em nossa [&hellip;]<\/p>\n","protected":false},"author":1,"featured_media":0,"parent":0,"menu_order":0,"comment_status":"closed","ping_status":"closed","template":"","meta":{"footnotes":""},"class_list":["post-3637","page","type-page","status-publish","hentry"],"yoast_head":"<!-- This site is optimized with the Yoast SEO plugin v27.3 - https:\/\/yoast.com\/product\/yoast-seo-wordpress\/ -->\n<title>Certifica\u00e7\u00f5es - Metal Expert<\/title>\n<meta name=\"robots\" content=\"index, follow, max-snippet:-1, max-image-preview:large, max-video-preview:-1\" \/>\n<link rel=\"canonical\" href=\"https:\/\/www.metal-expert.com\/pt-pt\/certificacoes\/\" \/>\n<meta property=\"og:locale\" content=\"pt_PT\" \/>\n<meta property=\"og:type\" content=\"article\" \/>\n<meta property=\"og:title\" content=\"Certifica\u00e7\u00f5es - Metal Expert\" \/>\n<meta property=\"og:description\" content=\"CERTIFICA\u00c7\u00d5ES Com foco na melhoria cont\u00ednua nas \u00e1reas de qualidade, meio ambiente e seguran\u00e7a, desenvolvemos um sistema de gest\u00e3o eficaz que atende aos requisitos das seguintes normas: EN 1090 &#8211; 1:2009 + A1:2011; UNI EN ISO 9001:2015; UNI EN ISO 14001:2015. Al\u00e9m disso, nossos produtos foram testados de acordo com as normas vigentes em nossa [&hellip;]\" \/>\n<meta property=\"og:url\" content=\"https:\/\/www.metal-expert.com\/pt-pt\/certificacoes\/\" \/>\n<meta property=\"og:site_name\" content=\"Metal Expert\" \/>\n<meta property=\"article:modified_time\" content=\"2025-01-16T19:11:58+00:00\" \/>\n<meta property=\"og:image\" content=\"https:\/\/www.metal-expert.com\/wp-content\/uploads\/2025\/01\/certificazioni-pt.jpg\" \/>\n\t<meta property=\"og:image:width\" content=\"2292\" \/>\n\t<meta property=\"og:image:height\" content=\"877\" \/>\n\t<meta property=\"og:image:type\" content=\"image\/jpeg\" \/>\n<meta name=\"twitter:card\" content=\"summary_large_image\" \/>\n<meta name=\"twitter:label1\" content=\"Tempo estimado de leitura\" \/>\n\t<meta name=\"twitter:data1\" content=\"3 minutos\" \/>\n<script type=\"application\/ld+json\" class=\"yoast-schema-graph\">{\"@context\":\"https:\\\/\\\/schema.org\",\"@graph\":[{\"@type\":\"WebPage\",\"@id\":\"https:\\\/\\\/www.metal-expert.com\\\/pt-pt\\\/certificacoes\\\/\",\"url\":\"https:\\\/\\\/www.metal-expert.com\\\/pt-pt\\\/certificacoes\\\/\",\"name\":\"Certifica\u00e7\u00f5es - Metal Expert\",\"isPartOf\":{\"@id\":\"https:\\\/\\\/www.metal-expert.com\\\/pt-pt\\\/#website\"},\"primaryImageOfPage\":{\"@id\":\"https:\\\/\\\/www.metal-expert.com\\\/pt-pt\\\/certificacoes\\\/#primaryimage\"},\"image\":{\"@id\":\"https:\\\/\\\/www.metal-expert.com\\\/pt-pt\\\/certificacoes\\\/#primaryimage\"},\"thumbnailUrl\":\"https:\\\/\\\/www.metal-expert.com\\\/wp-content\\\/uploads\\\/2025\\\/01\\\/certificazioni-pt.jpg\",\"datePublished\":\"2024-04-24T07:55:50+00:00\",\"dateModified\":\"2025-01-16T19:11:58+00:00\",\"breadcrumb\":{\"@id\":\"https:\\\/\\\/www.metal-expert.com\\\/pt-pt\\\/certificacoes\\\/#breadcrumb\"},\"inLanguage\":\"pt-PT\",\"potentialAction\":[{\"@type\":\"ReadAction\",\"target\":[\"https:\\\/\\\/www.metal-expert.com\\\/pt-pt\\\/certificacoes\\\/\"]}]},{\"@type\":\"ImageObject\",\"inLanguage\":\"pt-PT\",\"@id\":\"https:\\\/\\\/www.metal-expert.com\\\/pt-pt\\\/certificacoes\\\/#primaryimage\",\"url\":\"https:\\\/\\\/www.metal-expert.com\\\/wp-content\\\/uploads\\\/2025\\\/01\\\/certificazioni-pt.jpg\",\"contentUrl\":\"https:\\\/\\\/www.metal-expert.com\\\/wp-content\\\/uploads\\\/2025\\\/01\\\/certificazioni-pt.jpg\"},{\"@type\":\"BreadcrumbList\",\"@id\":\"https:\\\/\\\/www.metal-expert.com\\\/pt-pt\\\/certificacoes\\\/#breadcrumb\",\"itemListElement\":[{\"@type\":\"ListItem\",\"position\":1,\"name\":\"Home\",\"item\":\"https:\\\/\\\/www.metal-expert.com\\\/pt-pt\\\/\"},{\"@type\":\"ListItem\",\"position\":2,\"name\":\"Certifica\u00e7\u00f5es\"}]},{\"@type\":\"WebSite\",\"@id\":\"https:\\\/\\\/www.metal-expert.com\\\/pt-pt\\\/#website\",\"url\":\"https:\\\/\\\/www.metal-expert.com\\\/pt-pt\\\/\",\"name\":\"Metal Expert\",\"description\":\"Prodotti in ferro e acciaio inox per la distribuzione moderna\",\"publisher\":{\"@id\":\"https:\\\/\\\/www.metal-expert.com\\\/pt-pt\\\/#organization\"},\"potentialAction\":[{\"@type\":\"SearchAction\",\"target\":{\"@type\":\"EntryPoint\",\"urlTemplate\":\"https:\\\/\\\/www.metal-expert.com\\\/pt-pt\\\/?s={search_term_string}\"},\"query-input\":{\"@type\":\"PropertyValueSpecification\",\"valueRequired\":true,\"valueName\":\"search_term_string\"}}],\"inLanguage\":\"pt-PT\"},{\"@type\":\"Organization\",\"@id\":\"https:\\\/\\\/www.metal-expert.com\\\/pt-pt\\\/#organization\",\"name\":\"Metal Expert\",\"url\":\"https:\\\/\\\/www.metal-expert.com\\\/pt-pt\\\/\",\"logo\":{\"@type\":\"ImageObject\",\"inLanguage\":\"pt-PT\",\"@id\":\"https:\\\/\\\/www.metal-expert.com\\\/pt-pt\\\/#\\\/schema\\\/logo\\\/image\\\/\",\"url\":\"https:\\\/\\\/www.metal-expert.com\\\/wp-content\\\/uploads\\\/2024\\\/03\\\/metalexpert-logo.svg\",\"contentUrl\":\"https:\\\/\\\/www.metal-expert.com\\\/wp-content\\\/uploads\\\/2024\\\/03\\\/metalexpert-logo.svg\",\"width\":127,\"height\":50,\"caption\":\"Metal Expert\"},\"image\":{\"@id\":\"https:\\\/\\\/www.metal-expert.com\\\/pt-pt\\\/#\\\/schema\\\/logo\\\/image\\\/\"}}]}<\/script>\n<!-- \/ Yoast SEO plugin. -->","yoast_head_json":{"title":"Certifica\u00e7\u00f5es - Metal Expert","robots":{"index":"index","follow":"follow","max-snippet":"max-snippet:-1","max-image-preview":"max-image-preview:large","max-video-preview":"max-video-preview:-1"},"canonical":"https:\/\/www.metal-expert.com\/pt-pt\/certificacoes\/","og_locale":"pt_PT","og_type":"article","og_title":"Certifica\u00e7\u00f5es - Metal Expert","og_description":"CERTIFICA\u00c7\u00d5ES Com foco na melhoria cont\u00ednua nas \u00e1reas de qualidade, meio ambiente e seguran\u00e7a, desenvolvemos um sistema de gest\u00e3o eficaz que atende aos requisitos das seguintes normas: EN 1090 &#8211; 1:2009 + A1:2011; UNI EN ISO 9001:2015; UNI EN ISO 14001:2015. Al\u00e9m disso, nossos produtos foram testados de acordo com as normas vigentes em nossa [&hellip;]","og_url":"https:\/\/www.metal-expert.com\/pt-pt\/certificacoes\/","og_site_name":"Metal Expert","article_modified_time":"2025-01-16T19:11:58+00:00","og_image":[{"width":2292,"height":877,"url":"https:\/\/www.metal-expert.com\/wp-content\/uploads\/2025\/01\/certificazioni-pt.jpg","type":"image\/jpeg"}],"twitter_card":"summary_large_image","twitter_misc":{"Tempo estimado de leitura":"3 minutos"},"schema":{"@context":"https:\/\/schema.org","@graph":[{"@type":"WebPage","@id":"https:\/\/www.metal-expert.com\/pt-pt\/certificacoes\/","url":"https:\/\/www.metal-expert.com\/pt-pt\/certificacoes\/","name":"Certifica\u00e7\u00f5es - Metal Expert","isPartOf":{"@id":"https:\/\/www.metal-expert.com\/pt-pt\/#website"},"primaryImageOfPage":{"@id":"https:\/\/www.metal-expert.com\/pt-pt\/certificacoes\/#primaryimage"},"image":{"@id":"https:\/\/www.metal-expert.com\/pt-pt\/certificacoes\/#primaryimage"},"thumbnailUrl":"https:\/\/www.metal-expert.com\/wp-content\/uploads\/2025\/01\/certificazioni-pt.jpg","datePublished":"2024-04-24T07:55:50+00:00","dateModified":"2025-01-16T19:11:58+00:00","breadcrumb":{"@id":"https:\/\/www.metal-expert.com\/pt-pt\/certificacoes\/#breadcrumb"},"inLanguage":"pt-PT","potentialAction":[{"@type":"ReadAction","target":["https:\/\/www.metal-expert.com\/pt-pt\/certificacoes\/"]}]},{"@type":"ImageObject","inLanguage":"pt-PT","@id":"https:\/\/www.metal-expert.com\/pt-pt\/certificacoes\/#primaryimage","url":"https:\/\/www.metal-expert.com\/wp-content\/uploads\/2025\/01\/certificazioni-pt.jpg","contentUrl":"https:\/\/www.metal-expert.com\/wp-content\/uploads\/2025\/01\/certificazioni-pt.jpg"},{"@type":"BreadcrumbList","@id":"https:\/\/www.metal-expert.com\/pt-pt\/certificacoes\/#breadcrumb","itemListElement":[{"@type":"ListItem","position":1,"name":"Home","item":"https:\/\/www.metal-expert.com\/pt-pt\/"},{"@type":"ListItem","position":2,"name":"Certifica\u00e7\u00f5es"}]},{"@type":"WebSite","@id":"https:\/\/www.metal-expert.com\/pt-pt\/#website","url":"https:\/\/www.metal-expert.com\/pt-pt\/","name":"Metal Expert","description":"Prodotti in ferro e acciaio inox per la distribuzione moderna","publisher":{"@id":"https:\/\/www.metal-expert.com\/pt-pt\/#organization"},"potentialAction":[{"@type":"SearchAction","target":{"@type":"EntryPoint","urlTemplate":"https:\/\/www.metal-expert.com\/pt-pt\/?s={search_term_string}"},"query-input":{"@type":"PropertyValueSpecification","valueRequired":true,"valueName":"search_term_string"}}],"inLanguage":"pt-PT"},{"@type":"Organization","@id":"https:\/\/www.metal-expert.com\/pt-pt\/#organization","name":"Metal Expert","url":"https:\/\/www.metal-expert.com\/pt-pt\/","logo":{"@type":"ImageObject","inLanguage":"pt-PT","@id":"https:\/\/www.metal-expert.com\/pt-pt\/#\/schema\/logo\/image\/","url":"https:\/\/www.metal-expert.com\/wp-content\/uploads\/2024\/03\/metalexpert-logo.svg","contentUrl":"https:\/\/www.metal-expert.com\/wp-content\/uploads\/2024\/03\/metalexpert-logo.svg","width":127,"height":50,"caption":"Metal Expert"},"image":{"@id":"https:\/\/www.metal-expert.com\/pt-pt\/#\/schema\/logo\/image\/"}}]}},"_links":{"self":[{"href":"https:\/\/www.metal-expert.com\/pt-pt\/wp-json\/wp\/v2\/pages\/3637","targetHints":{"allow":["GET"]}}],"collection":[{"href":"https:\/\/www.metal-expert.com\/pt-pt\/wp-json\/wp\/v2\/pages"}],"about":[{"href":"https:\/\/www.metal-expert.com\/pt-pt\/wp-json\/wp\/v2\/types\/page"}],"author":[{"embeddable":true,"href":"https:\/\/www.metal-expert.com\/pt-pt\/wp-json\/wp\/v2\/users\/1"}],"replies":[{"embeddable":true,"href":"https:\/\/www.metal-expert.com\/pt-pt\/wp-json\/wp\/v2\/comments?post=3637"}],"version-history":[{"count":7,"href":"https:\/\/www.metal-expert.com\/pt-pt\/wp-json\/wp\/v2\/pages\/3637\/revisions"}],"predecessor-version":[{"id":3768,"href":"https:\/\/www.metal-expert.com\/pt-pt\/wp-json\/wp\/v2\/pages\/3637\/revisions\/3768"}],"wp:attachment":[{"href":"https:\/\/www.metal-expert.com\/pt-pt\/wp-json\/wp\/v2\/media?parent=3637"}],"curies":[{"name":"wp","href":"https:\/\/api.w.org\/{rel}","templated":true}]}}