{"id":2639,"date":"2024-05-27T17:21:57","date_gmt":"2024-05-27T15:21:57","guid":{"rendered":"https:\/\/www.metal-expert.com\/catalogo\/"},"modified":"2025-10-14T15:30:34","modified_gmt":"2025-10-14T13:30:34","slug":"catalogo","status":"publish","type":"page","link":"https:\/\/www.metal-expert.com\/es\/catalogo\/","title":{"rendered":"Catalogo"},"content":{"rendered":"\t\t<div data-elementor-type=\"wp-page\" data-elementor-id=\"2639\" class=\"elementor elementor-2639 elementor-2307\" data-elementor-post-type=\"page\">\n\t\t\t\t<div class=\"elementor-element elementor-element-398004e e-flex e-con-boxed e-con e-parent\" data-id=\"398004e\" data-element_type=\"container\" data-settings=\"{&quot;background_background&quot;:&quot;classic&quot;}\">\n\t\t\t\t\t<div class=\"e-con-inner\">\n\t\t\t\t<div class=\"elementor-element elementor-element-4993b8a elementor-widget elementor-widget-spacer\" data-id=\"4993b8a\" data-element_type=\"widget\" data-widget_type=\"spacer.default\">\n\t\t\t\t<div class=\"elementor-widget-container\">\n\t\t\t\t\t\t\t<div class=\"elementor-spacer\">\n\t\t\t<div class=\"elementor-spacer-inner\"><\/div>\n\t\t<\/div>\n\t\t\t\t\t\t<\/div>\n\t\t\t\t<\/div>\n\t\t\t\t<div class=\"elementor-element elementor-element-f3a87d0 elementor-view-default elementor-widget elementor-widget-icon\" data-id=\"f3a87d0\" data-element_type=\"widget\" data-widget_type=\"icon.default\">\n\t\t\t\t<div class=\"elementor-widget-container\">\n\t\t\t\t\t\t\t<div class=\"elementor-icon-wrapper\">\n\t\t\t<div class=\"elementor-icon\">\n\t\t\t<svg xmlns=\"http:\/\/www.w3.org\/2000\/svg\" xmlns:xlink=\"http:\/\/www.w3.org\/1999\/xlink\" fill=\"#000000\" height=\"800px\" width=\"800px\" id=\"Layer_1\" viewBox=\"0 0 512 512\" xml:space=\"preserve\"><g>\t<g>\t\t<path d=\"M234.442,77.608H126.653c-4.465,0-8.084,3.62-8.084,8.084c0,4.465,3.62,8.084,8.084,8.084h107.789   c4.465,0,8.084-3.62,8.084-8.084C242.526,81.228,238.907,77.608,234.442,77.608z\"><\/path>\t<\/g><\/g><g>\t<g>\t\t<path d=\"M299.116,77.608h-21.558c-4.466,0-8.084,3.62-8.084,8.084c0,4.465,3.618,8.084,8.084,8.084h21.558   c4.466,0,8.084-3.62,8.084-8.084C307.2,81.228,303.582,77.608,299.116,77.608z\"><\/path>\t<\/g><\/g><g>\t<g>\t\t<path d=\"M212.884,120.724h-86.232c-4.465,0-8.084,3.62-8.084,8.084c0,4.465,3.62,8.084,8.084,8.084h86.232   c4.465,0,8.084-3.62,8.084-8.084C220.968,124.344,217.349,120.724,212.884,120.724z\"><\/path>\t<\/g><\/g><g>\t<g>\t\t<path d=\"M320.674,120.724H256c-4.465,0-8.084,3.62-8.084,8.084c0,4.465,3.62,8.084,8.084,8.084h64.674   c4.466,0,8.084-3.62,8.084-8.084C328.758,124.344,325.139,120.724,320.674,120.724z\"><\/path>\t<\/g><\/g><g>\t<g>\t\t<path d=\"M478.362,247.916h-20.257V105.095c0-0.183-0.016-0.363-0.029-0.544c-0.005-0.072-0.004-0.146-0.012-0.218   c-0.033-0.356-0.092-0.706-0.171-1.051c-0.018-0.079-0.042-0.154-0.063-0.232c-0.073-0.28-0.162-0.555-0.264-0.825   c-0.032-0.086-0.063-0.171-0.098-0.257c-0.137-0.327-0.291-0.647-0.471-0.953c-0.027-0.046-0.06-0.091-0.088-0.137   c-0.163-0.265-0.342-0.52-0.534-0.765c-0.061-0.078-0.122-0.154-0.187-0.231c-0.236-0.279-0.485-0.55-0.76-0.798L347.639,2.075   c-0.263-0.237-0.544-0.447-0.833-0.647c-0.065-0.044-0.127-0.088-0.193-0.13c-0.285-0.183-0.577-0.351-0.881-0.497   c-0.052-0.025-0.106-0.045-0.158-0.069c-0.272-0.124-0.551-0.232-0.834-0.324c-0.066-0.022-0.13-0.045-0.197-0.066   c-0.318-0.095-0.641-0.17-0.969-0.225c-0.072-0.012-0.146-0.021-0.219-0.03c-0.29-0.041-0.583-0.067-0.877-0.075   c-0.059-0.002-0.117-0.008-0.177-0.009C342.278,0.003,342.254,0,342.232,0H89.582C69.904,0,53.895,16.009,53.895,35.687v126.122   C23.864,163.677,0,188.691,0,219.184v221.107C0,479.831,32.169,512,71.708,512h378.313c0.351,0,0.704-0.003,1.055-0.009   C484.67,511.431,512,483.233,512,449.135v-167.58C512,263.006,496.911,247.916,478.362,247.916z M350.316,26.236l78.638,70.775   h-65.518c-7.235,0-13.12-5.885-13.12-13.12V26.236z M71.708,495.832c-30.674,0-55.54-24.866-55.54-55.54V219.183   c0-22.827,18.504-41.331,41.331-41.331h65.845c7.255,0,14.372,2.496,20.037,7.029l25.908,20.727   c12.382,9.905,27.934,15.36,43.789,15.36h61.41c4.465,0,8.084-3.62,8.084-8.084s-3.62-8.084-8.084-8.084h-61.41   c-12.199,0-24.163-4.197-33.69-11.817l-25.908-20.727c-8.554-6.844-19.182-10.572-30.137-10.572H70.063V35.687   c0-10.78,8.738-19.518,19.518-19.518h244.566V83.89c0,16.176,13.114,29.289,29.289,29.289h78.501v296.202   c0,6.074-4.924,10.998-10.998,10.998h-26.729V243.514c0-21.381-17.333-38.714-38.714-38.714h-55.363   c-4.465,0-8.084,3.62-8.084,8.084s3.62,8.084,8.084,8.084h55.363c12.452,0,22.545,10.093,22.545,22.545v206.507   c0,16.752,6.578,32.446,18.524,44.193c0.56,0.551,1.131,1.091,1.707,1.618H71.708z M495.832,449.134   c0,25.331-20.198,46.276-45.025,46.69c-12.423,0.203-24.08-4.459-32.905-13.14c-8.829-8.681-13.691-20.283-13.691-32.663v-13.474   h26.729c14.979,0,27.166-12.187,27.166-27.166V264.084h20.257c9.633,0,17.469,7.837,17.469,17.471V449.134z\"><\/path>\t<\/g><\/g><\/svg>\t\t\t<\/div>\n\t\t<\/div>\n\t\t\t\t\t\t<\/div>\n\t\t\t\t<\/div>\n\t\t\t\t<div class=\"elementor-element elementor-element-525167d elementor-widget elementor-widget-heading\" data-id=\"525167d\" data-element_type=\"widget\" data-widget_type=\"heading.default\">\n\t\t\t\t<div class=\"elementor-widget-container\">\n\t\t\t\t\t<h1 class=\"elementor-heading-title elementor-size-default\">Catalogo<\/h1>\t\t\t\t<\/div>\n\t\t\t\t<\/div>\n\t\t\t\t<div class=\"elementor-element elementor-element-30e7af2 elementor-widget elementor-widget-spacer\" data-id=\"30e7af2\" data-element_type=\"widget\" data-widget_type=\"spacer.default\">\n\t\t\t\t<div class=\"elementor-widget-container\">\n\t\t\t\t\t\t\t<div class=\"elementor-spacer\">\n\t\t\t<div class=\"elementor-spacer-inner\"><\/div>\n\t\t<\/div>\n\t\t\t\t\t\t<\/div>\n\t\t\t\t<\/div>\n\t\t\t\t<div class=\"elementor-element elementor-element-d51d35a elementor-widget elementor-widget-text-editor\" data-id=\"d51d35a\" data-element_type=\"widget\" data-widget_type=\"text-editor.default\">\n\t\t\t\t<div class=\"elementor-widget-container\">\n\t\t\t\t\t\t\t\t\t<p>\u00bfBusca soluciones innovadoras y fiables para sus proyectos?<br \/>No pierda la oportunidad de explorar nuestro cat\u00e1logo, repleto de detalles sobre los productos que ofrecemos. Al descargarlo, tendr\u00e1 acceso a fichas t\u00e9cnicas, especificaciones detalladas y gu\u00edas pr\u00e1cticas que le ayudar\u00e1n a elegir las mejores soluciones para sus necesidades.<br \/>No espere m\u00e1s, \u00a1el futuro de sus proyectos est\u00e1 a un solo clic!<\/p>\t\t\t\t\t\t\t\t<\/div>\n\t\t\t\t<\/div>\n\t\t\t\t<div class=\"elementor-element elementor-element-159655e elementor-widget elementor-widget-spacer\" data-id=\"159655e\" data-element_type=\"widget\" data-widget_type=\"spacer.default\">\n\t\t\t\t<div class=\"elementor-widget-container\">\n\t\t\t\t\t\t\t<div class=\"elementor-spacer\">\n\t\t\t<div class=\"elementor-spacer-inner\"><\/div>\n\t\t<\/div>\n\t\t\t\t\t\t<\/div>\n\t\t\t\t<\/div>\n\t\t\t\t\t<\/div>\n\t\t\t\t<\/div>\n\t\t<div class=\"elementor-element elementor-element-0b682a2 e-flex e-con-boxed e-con e-parent\" data-id=\"0b682a2\" data-element_type=\"container\">\n\t\t\t\t\t<div class=\"e-con-inner\">\n\t\t\t\t<div class=\"elementor-element elementor-element-fba1ff7 elementor-widget elementor-widget-heading\" data-id=\"fba1ff7\" data-element_type=\"widget\" data-widget_type=\"heading.default\">\n\t\t\t\t<div class=\"elementor-widget-container\">\n\t\t\t\t\t<h3 class=\"elementor-heading-title elementor-size-default\">Descarga el PDF<\/h3>\t\t\t\t<\/div>\n\t\t\t\t<\/div>\n\t\t\t\t<div class=\"elementor-element elementor-element-121e5a2 elementor-align-center elementor-widget elementor-widget-button\" data-id=\"121e5a2\" data-element_type=\"widget\" data-widget_type=\"button.default\">\n\t\t\t\t<div class=\"elementor-widget-container\">\n\t\t\t\t\t\t\t\t\t<div class=\"elementor-button-wrapper\">\n\t\t\t\t\t<a class=\"elementor-button elementor-button-link elementor-size-sm\" href=\"https:\/\/www.metal-expert.com\/wp-content\/uploads\/2024\/08\/catalogo_gdo_es.pdf\" target=\"_blank\">\n\t\t\t\t\t\t<span class=\"elementor-button-content-wrapper\">\n\t\t\t\t\t\t\t\t\t<span class=\"elementor-button-text\">Download<\/span>\n\t\t\t\t\t<\/span>\n\t\t\t\t\t<\/a>\n\t\t\t\t<\/div>\n\t\t\t\t\t\t\t\t<\/div>\n\t\t\t\t<\/div>\n\t\t\t\t\t<\/div>\n\t\t\t\t<\/div>\n\t\t\t\t<\/div>\n\t\t","protected":false},"excerpt":{"rendered":"<p>&nbsp; Catalogo \u00bfBusca soluciones innovadoras y fiables para sus proyectos? No pierda la oportunidad de explorar nuestro cat\u00e1logo, repleto de detalles sobre los productos que ofrecemos. Al descargarlo, tendr\u00e1 acceso a fichas t\u00e9cnicas, especificaciones detalladas y gu\u00edas pr\u00e1cticas que le ayudar\u00e1n a elegir las mejores soluciones para sus necesidades. No espere m\u00e1s, \u00a1el futuro de [&hellip;]<\/p>\n","protected":false},"author":1,"featured_media":0,"parent":0,"menu_order":0,"comment_status":"closed","ping_status":"closed","template":"","meta":{"footnotes":""},"class_list":["post-2639","page","type-page","status-publish","hentry"],"yoast_head":"<!-- This site is optimized with the Yoast SEO plugin v27.3 - https:\/\/yoast.com\/product\/yoast-seo-wordpress\/ -->\n<title>Catalogo - Metal Expert<\/title>\n<meta name=\"robots\" content=\"index, follow, max-snippet:-1, max-image-preview:large, max-video-preview:-1\" \/>\n<link rel=\"canonical\" href=\"https:\/\/www.metal-expert.com\/es\/catalogo\/\" \/>\n<meta property=\"og:locale\" content=\"es_ES\" \/>\n<meta property=\"og:type\" content=\"article\" \/>\n<meta property=\"og:title\" content=\"Catalogo - Metal Expert\" \/>\n<meta property=\"og:description\" content=\"&nbsp; Catalogo \u00bfBusca soluciones innovadoras y fiables para sus proyectos? No pierda la oportunidad de explorar nuestro cat\u00e1logo, repleto de detalles sobre los productos que ofrecemos. Al descargarlo, tendr\u00e1 acceso a fichas t\u00e9cnicas, especificaciones detalladas y gu\u00edas pr\u00e1cticas que le ayudar\u00e1n a elegir las mejores soluciones para sus necesidades. No espere m\u00e1s, \u00a1el futuro de [&hellip;]\" \/>\n<meta property=\"og:url\" content=\"https:\/\/www.metal-expert.com\/es\/catalogo\/\" \/>\n<meta property=\"og:site_name\" content=\"Metal Expert\" \/>\n<meta property=\"article:modified_time\" content=\"2025-10-14T13:30:34+00:00\" \/>\n<meta name=\"twitter:card\" content=\"summary_large_image\" \/>\n<meta name=\"twitter:label1\" content=\"Tiempo de lectura\" \/>\n\t<meta name=\"twitter:data1\" content=\"1 minuto\" \/>\n<script type=\"application\/ld+json\" class=\"yoast-schema-graph\">{\"@context\":\"https:\\\/\\\/schema.org\",\"@graph\":[{\"@type\":\"WebPage\",\"@id\":\"https:\\\/\\\/www.metal-expert.com\\\/es\\\/catalogo\\\/\",\"url\":\"https:\\\/\\\/www.metal-expert.com\\\/es\\\/catalogo\\\/\",\"name\":\"Catalogo - Metal Expert\",\"isPartOf\":{\"@id\":\"https:\\\/\\\/www.metal-expert.com\\\/es\\\/#website\"},\"datePublished\":\"2024-05-27T15:21:57+00:00\",\"dateModified\":\"2025-10-14T13:30:34+00:00\",\"breadcrumb\":{\"@id\":\"https:\\\/\\\/www.metal-expert.com\\\/es\\\/catalogo\\\/#breadcrumb\"},\"inLanguage\":\"es\",\"potentialAction\":[{\"@type\":\"ReadAction\",\"target\":[\"https:\\\/\\\/www.metal-expert.com\\\/es\\\/catalogo\\\/\"]}]},{\"@type\":\"BreadcrumbList\",\"@id\":\"https:\\\/\\\/www.metal-expert.com\\\/es\\\/catalogo\\\/#breadcrumb\",\"itemListElement\":[{\"@type\":\"ListItem\",\"position\":1,\"name\":\"Home\",\"item\":\"https:\\\/\\\/www.metal-expert.com\\\/es\\\/\"},{\"@type\":\"ListItem\",\"position\":2,\"name\":\"Catalogo\"}]},{\"@type\":\"WebSite\",\"@id\":\"https:\\\/\\\/www.metal-expert.com\\\/es\\\/#website\",\"url\":\"https:\\\/\\\/www.metal-expert.com\\\/es\\\/\",\"name\":\"Metal Expert\",\"description\":\"Prodotti in ferro e acciaio inox per la distribuzione moderna\",\"publisher\":{\"@id\":\"https:\\\/\\\/www.metal-expert.com\\\/es\\\/#organization\"},\"potentialAction\":[{\"@type\":\"SearchAction\",\"target\":{\"@type\":\"EntryPoint\",\"urlTemplate\":\"https:\\\/\\\/www.metal-expert.com\\\/es\\\/?s={search_term_string}\"},\"query-input\":{\"@type\":\"PropertyValueSpecification\",\"valueRequired\":true,\"valueName\":\"search_term_string\"}}],\"inLanguage\":\"es\"},{\"@type\":\"Organization\",\"@id\":\"https:\\\/\\\/www.metal-expert.com\\\/es\\\/#organization\",\"name\":\"Metal Expert\",\"url\":\"https:\\\/\\\/www.metal-expert.com\\\/es\\\/\",\"logo\":{\"@type\":\"ImageObject\",\"inLanguage\":\"es\",\"@id\":\"https:\\\/\\\/www.metal-expert.com\\\/es\\\/#\\\/schema\\\/logo\\\/image\\\/\",\"url\":\"https:\\\/\\\/www.metal-expert.com\\\/wp-content\\\/uploads\\\/2024\\\/03\\\/metalexpert-logo.svg\",\"contentUrl\":\"https:\\\/\\\/www.metal-expert.com\\\/wp-content\\\/uploads\\\/2024\\\/03\\\/metalexpert-logo.svg\",\"width\":127,\"height\":50,\"caption\":\"Metal Expert\"},\"image\":{\"@id\":\"https:\\\/\\\/www.metal-expert.com\\\/es\\\/#\\\/schema\\\/logo\\\/image\\\/\"}}]}<\/script>\n<!-- \/ Yoast SEO plugin. -->","yoast_head_json":{"title":"Catalogo - Metal Expert","robots":{"index":"index","follow":"follow","max-snippet":"max-snippet:-1","max-image-preview":"max-image-preview:large","max-video-preview":"max-video-preview:-1"},"canonical":"https:\/\/www.metal-expert.com\/es\/catalogo\/","og_locale":"es_ES","og_type":"article","og_title":"Catalogo - Metal Expert","og_description":"&nbsp; Catalogo \u00bfBusca soluciones innovadoras y fiables para sus proyectos? No pierda la oportunidad de explorar nuestro cat\u00e1logo, repleto de detalles sobre los productos que ofrecemos. Al descargarlo, tendr\u00e1 acceso a fichas t\u00e9cnicas, especificaciones detalladas y gu\u00edas pr\u00e1cticas que le ayudar\u00e1n a elegir las mejores soluciones para sus necesidades. No espere m\u00e1s, \u00a1el futuro de [&hellip;]","og_url":"https:\/\/www.metal-expert.com\/es\/catalogo\/","og_site_name":"Metal Expert","article_modified_time":"2025-10-14T13:30:34+00:00","twitter_card":"summary_large_image","twitter_misc":{"Tiempo de lectura":"1 minuto"},"schema":{"@context":"https:\/\/schema.org","@graph":[{"@type":"WebPage","@id":"https:\/\/www.metal-expert.com\/es\/catalogo\/","url":"https:\/\/www.metal-expert.com\/es\/catalogo\/","name":"Catalogo - Metal Expert","isPartOf":{"@id":"https:\/\/www.metal-expert.com\/es\/#website"},"datePublished":"2024-05-27T15:21:57+00:00","dateModified":"2025-10-14T13:30:34+00:00","breadcrumb":{"@id":"https:\/\/www.metal-expert.com\/es\/catalogo\/#breadcrumb"},"inLanguage":"es","potentialAction":[{"@type":"ReadAction","target":["https:\/\/www.metal-expert.com\/es\/catalogo\/"]}]},{"@type":"BreadcrumbList","@id":"https:\/\/www.metal-expert.com\/es\/catalogo\/#breadcrumb","itemListElement":[{"@type":"ListItem","position":1,"name":"Home","item":"https:\/\/www.metal-expert.com\/es\/"},{"@type":"ListItem","position":2,"name":"Catalogo"}]},{"@type":"WebSite","@id":"https:\/\/www.metal-expert.com\/es\/#website","url":"https:\/\/www.metal-expert.com\/es\/","name":"Metal Expert","description":"Prodotti in ferro e acciaio inox per la distribuzione moderna","publisher":{"@id":"https:\/\/www.metal-expert.com\/es\/#organization"},"potentialAction":[{"@type":"SearchAction","target":{"@type":"EntryPoint","urlTemplate":"https:\/\/www.metal-expert.com\/es\/?s={search_term_string}"},"query-input":{"@type":"PropertyValueSpecification","valueRequired":true,"valueName":"search_term_string"}}],"inLanguage":"es"},{"@type":"Organization","@id":"https:\/\/www.metal-expert.com\/es\/#organization","name":"Metal Expert","url":"https:\/\/www.metal-expert.com\/es\/","logo":{"@type":"ImageObject","inLanguage":"es","@id":"https:\/\/www.metal-expert.com\/es\/#\/schema\/logo\/image\/","url":"https:\/\/www.metal-expert.com\/wp-content\/uploads\/2024\/03\/metalexpert-logo.svg","contentUrl":"https:\/\/www.metal-expert.com\/wp-content\/uploads\/2024\/03\/metalexpert-logo.svg","width":127,"height":50,"caption":"Metal Expert"},"image":{"@id":"https:\/\/www.metal-expert.com\/es\/#\/schema\/logo\/image\/"}}]}},"_links":{"self":[{"href":"https:\/\/www.metal-expert.com\/es\/wp-json\/wp\/v2\/pages\/2639","targetHints":{"allow":["GET"]}}],"collection":[{"href":"https:\/\/www.metal-expert.com\/es\/wp-json\/wp\/v2\/pages"}],"about":[{"href":"https:\/\/www.metal-expert.com\/es\/wp-json\/wp\/v2\/types\/page"}],"author":[{"embeddable":true,"href":"https:\/\/www.metal-expert.com\/es\/wp-json\/wp\/v2\/users\/1"}],"replies":[{"embeddable":true,"href":"https:\/\/www.metal-expert.com\/es\/wp-json\/wp\/v2\/comments?post=2639"}],"version-history":[{"count":8,"href":"https:\/\/www.metal-expert.com\/es\/wp-json\/wp\/v2\/pages\/2639\/revisions"}],"predecessor-version":[{"id":4668,"href":"https:\/\/www.metal-expert.com\/es\/wp-json\/wp\/v2\/pages\/2639\/revisions\/4668"}],"wp:attachment":[{"href":"https:\/\/www.metal-expert.com\/es\/wp-json\/wp\/v2\/media?parent=2639"}],"curies":[{"name":"wp","href":"https:\/\/api.w.org\/{rel}","templated":true}]}}