{"id":2555,"date":"2024-04-24T09:55:50","date_gmt":"2024-04-24T07:55:50","guid":{"rendered":"https:\/\/www.metal-expert.com\/certificazioni\/"},"modified":"2024-12-18T12:09:00","modified_gmt":"2024-12-18T11:09:00","slug":"certificaciones","status":"publish","type":"page","link":"https:\/\/www.metal-expert.com\/es\/certificaciones\/","title":{"rendered":"Certificaciones"},"content":{"rendered":"\t\t<div data-elementor-type=\"wp-page\" data-elementor-id=\"2555\" class=\"elementor elementor-2555 elementor-1382\" data-elementor-post-type=\"page\">\n\t\t\t\t<div class=\"elementor-element elementor-element-398004e e-flex e-con-boxed e-con e-parent\" data-id=\"398004e\" data-element_type=\"container\" data-settings=\"{&quot;background_background&quot;:&quot;classic&quot;}\">\n\t\t\t\t\t<div class=\"e-con-inner\">\n\t\t\t\t<div class=\"elementor-element elementor-element-4993b8a elementor-widget elementor-widget-spacer\" data-id=\"4993b8a\" data-element_type=\"widget\" data-widget_type=\"spacer.default\">\n\t\t\t\t<div class=\"elementor-widget-container\">\n\t\t\t\t\t\t\t<div class=\"elementor-spacer\">\n\t\t\t<div class=\"elementor-spacer-inner\"><\/div>\n\t\t<\/div>\n\t\t\t\t\t\t<\/div>\n\t\t\t\t<\/div>\n\t\t\t\t<div class=\"elementor-element elementor-element-f3a87d0 elementor-view-default elementor-widget elementor-widget-icon\" data-id=\"f3a87d0\" data-element_type=\"widget\" data-widget_type=\"icon.default\">\n\t\t\t\t<div class=\"elementor-widget-container\">\n\t\t\t\t\t\t\t<div class=\"elementor-icon-wrapper\">\n\t\t\t<div class=\"elementor-icon\">\n\t\t\t<svg xmlns=\"http:\/\/www.w3.org\/2000\/svg\" width=\"79.655\" height=\"90\" viewBox=\"0 0 79.655 90\"><path id=\"contract_FILL0_wght100_GRAD0_opsz48\" d=\"M180.276-738a7.985,7.985,0,0,1-5.867-2.408A7.985,7.985,0,0,1,172-746.276v-14.483h15.517V-828h64.138v81.724a7.985,7.985,0,0,1-2.408,5.867A7.835,7.835,0,0,1,243.509-738Zm63.221-2.845a5.088,5.088,0,0,0,3.781-1.561,5.307,5.307,0,0,0,1.532-3.87v-78.879H190.362v64.4h47.715v14.547a5.167,5.167,0,0,0,1.558,3.824A5.271,5.271,0,0,0,243.5-740.845Zm-44.6-63.362v-2.845h41.379v2.845Zm0,13.966v-2.845h41.379v2.845Zm-18.815,49.4h55.151v-17.069H174.845v11.638a5.274,5.274,0,0,0,1.551,3.87A5.018,5.018,0,0,0,180.082-740.845Zm0,0h0Z\" transform=\"translate(-172 828)\" fill=\"#ef7b05\"><\/path><\/svg>\t\t\t<\/div>\n\t\t<\/div>\n\t\t\t\t\t\t<\/div>\n\t\t\t\t<\/div>\n\t\t\t\t<div class=\"elementor-element elementor-element-525167d elementor-widget elementor-widget-heading\" data-id=\"525167d\" data-element_type=\"widget\" data-widget_type=\"heading.default\">\n\t\t\t\t<div class=\"elementor-widget-container\">\n\t\t\t\t\t<h1 class=\"elementor-heading-title elementor-size-default\">Certificaciones<\/h1>\t\t\t\t<\/div>\n\t\t\t\t<\/div>\n\t\t\t\t<div class=\"elementor-element elementor-element-30e7af2 elementor-widget elementor-widget-spacer\" data-id=\"30e7af2\" data-element_type=\"widget\" data-widget_type=\"spacer.default\">\n\t\t\t\t<div class=\"elementor-widget-container\">\n\t\t\t\t\t\t\t<div class=\"elementor-spacer\">\n\t\t\t<div class=\"elementor-spacer-inner\"><\/div>\n\t\t<\/div>\n\t\t\t\t\t\t<\/div>\n\t\t\t\t<\/div>\n\t\t\t\t<div class=\"elementor-element elementor-element-d51d35a elementor-widget elementor-widget-text-editor\" data-id=\"d51d35a\" data-element_type=\"widget\" data-widget_type=\"text-editor.default\">\n\t\t\t\t<div class=\"elementor-widget-container\">\n\t\t\t\t\t\t\t\t\t<p>Con vistas a la mejora continua en los \u00e1mbitos de la calidad, el medio ambiente y la seguridad, hemos desarrollado un sistema de gesti\u00f3n eficaz que cumple los requisitos de las normas EN 1090 &#8211; 1:2009 + A1:2011; UNI EN ISO 9001:2015; UNI EN ISO 14001:2015.<\/p><p>Adem\u00e1s, nuestros productos tambi\u00e9n han sido probados seg\u00fan las normas vigentes en nuestra \u00c1rea de Pruebas por organismos de certificaci\u00f3n acreditados. La siguiente tabla (\u00abValores de sobrecargas para las diferentes categor\u00edas de uso de los edificios\u00bb ref. NTC 2018) identifica la carga m\u00e1xima de trabajo horizontal para cada modelo (Hk) en funci\u00f3n del entorno en el que se instale.<\/p>\t\t\t\t\t\t\t\t<\/div>\n\t\t\t\t<\/div>\n\t\t\t\t<div class=\"elementor-element elementor-element-159655e elementor-widget elementor-widget-spacer\" data-id=\"159655e\" data-element_type=\"widget\" data-widget_type=\"spacer.default\">\n\t\t\t\t<div class=\"elementor-widget-container\">\n\t\t\t\t\t\t\t<div class=\"elementor-spacer\">\n\t\t\t<div class=\"elementor-spacer-inner\"><\/div>\n\t\t<\/div>\n\t\t\t\t\t\t<\/div>\n\t\t\t\t<\/div>\n\t\t\t\t\t<\/div>\n\t\t\t\t<\/div>\n\t\t<div class=\"elementor-element elementor-element-0b682a2 e-flex e-con-boxed e-con e-parent\" data-id=\"0b682a2\" data-element_type=\"container\">\n\t\t\t\t\t<div class=\"e-con-inner\">\n\t\t\t\t<div class=\"elementor-element elementor-element-714bc5e elementor-widget elementor-widget-image\" data-id=\"714bc5e\" data-element_type=\"widget\" data-widget_type=\"image.default\">\n\t\t\t\t<div class=\"elementor-widget-container\">\n\t\t\t\t\t\t\t\t\t\t\t\t\t\t\t<img fetchpriority=\"high\" decoding=\"async\" width=\"2292\" height=\"916\" src=\"https:\/\/www.metal-expert.com\/wp-content\/uploads\/2024\/08\/tabella-certificazioni-es.png\" class=\"attachment-full size-full wp-image-2567\" alt=\"\" srcset=\"https:\/\/www.metal-expert.com\/wp-content\/uploads\/2024\/08\/tabella-certificazioni-es.png 2292w, https:\/\/www.metal-expert.com\/wp-content\/uploads\/2024\/08\/tabella-certificazioni-es-300x120.png 300w, https:\/\/www.metal-expert.com\/wp-content\/uploads\/2024\/08\/tabella-certificazioni-es-1024x409.png 1024w, https:\/\/www.metal-expert.com\/wp-content\/uploads\/2024\/08\/tabella-certificazioni-es-768x307.png 768w, https:\/\/www.metal-expert.com\/wp-content\/uploads\/2024\/08\/tabella-certificazioni-es-1536x614.png 1536w, https:\/\/www.metal-expert.com\/wp-content\/uploads\/2024\/08\/tabella-certificazioni-es-2048x818.png 2048w\" sizes=\"(max-width: 2292px) 100vw, 2292px\" \/>\t\t\t\t\t\t\t\t\t\t\t\t\t\t\t<\/div>\n\t\t\t\t<\/div>\n\t\t\t\t\t<\/div>\n\t\t\t\t<\/div>\n\t\t<div class=\"elementor-element elementor-element-aa614bb e-flex e-con-boxed e-con e-parent\" data-id=\"aa614bb\" data-element_type=\"container\">\n\t\t\t\t\t<div class=\"e-con-inner\">\n\t\t\t\t<div class=\"elementor-element elementor-element-8aa9465 elementor-widget__width-initial elementor-widget elementor-widget-image\" data-id=\"8aa9465\" data-element_type=\"widget\" data-widget_type=\"image.default\">\n\t\t\t\t<div class=\"elementor-widget-container\">\n\t\t\t\t\t\t\t\t\t\t\t\t\t\t\t<img decoding=\"async\" width=\"495\" height=\"496\" src=\"https:\/\/www.metal-expert.com\/wp-content\/uploads\/2024\/12\/certificazione_qualita-1.jpg\" class=\"attachment-large size-large wp-image-3585\" alt=\"\" srcset=\"https:\/\/www.metal-expert.com\/wp-content\/uploads\/2024\/12\/certificazione_qualita-1.jpg 495w, https:\/\/www.metal-expert.com\/wp-content\/uploads\/2024\/12\/certificazione_qualita-1-300x300.jpg 300w, https:\/\/www.metal-expert.com\/wp-content\/uploads\/2024\/12\/certificazione_qualita-1-150x150.jpg 150w, https:\/\/www.metal-expert.com\/wp-content\/uploads\/2024\/12\/certificazione_qualita-1-60x60.jpg 60w\" sizes=\"(max-width: 495px) 100vw, 495px\" \/>\t\t\t\t\t\t\t\t\t\t\t\t\t\t\t<\/div>\n\t\t\t\t<\/div>\n\t\t<div class=\"elementor-element elementor-element-2ff57a1 e-con-full e-flex e-con e-child\" data-id=\"2ff57a1\" data-element_type=\"container\">\n\t\t\t\t<div class=\"elementor-element elementor-element-dc4116f elementor-widget elementor-widget-heading\" data-id=\"dc4116f\" data-element_type=\"widget\" data-widget_type=\"heading.default\">\n\t\t\t\t<div class=\"elementor-widget-container\">\n\t\t\t\t\t<h2 class=\"elementor-heading-title elementor-size-default\">Certificaci\u00f3n de Calidad<\/h2>\t\t\t\t<\/div>\n\t\t\t\t<\/div>\n\t\t\t\t<div class=\"elementor-element elementor-element-e172682 elementor-widget elementor-widget-text-editor\" data-id=\"e172682\" data-element_type=\"widget\" data-widget_type=\"text-editor.default\">\n\t\t\t\t<div class=\"elementor-widget-container\">\n\t\t\t\t\t\t\t\t\t<p>La competitividad de una organizaci\u00f3n en el mercado tambi\u00e9n est\u00e1 determinada por la calidad de sus procesos, recompensada por las certificaciones obtenidas.<\/p><p>En el pasado, las organizaciones se centraban en la productividad y el precio para alcanzar el \u00e9xito, hoy no podemos ignorar la innovaci\u00f3n, la singularidad y la capacidad de mejorar continuamente para crear un producto o servicio capaz de satisfacer los cambios del mercado y las solicitudes de los clientes.<\/p><p>Para la India Es fundamental cualificar sus empresas a trav\u00e9s de un sistema de gesti\u00f3n de calidad: la certificaci\u00f3n del sistema seg\u00fan la norma ISO 9001 es una herramienta de trabajo eficaz que orienta todas las actividades, mejorando la eficiencia y la productividad interna, orientando a la empresa hacia la mejora constante.<\/p><p>La ISO 9001 se obtuvo ya en 1999, luego se renov\u00f3 anualmente, hasta la m\u00e1s reciente adaptaci\u00f3n a la norma ISO 9001:2015.<\/p>\t\t\t\t\t\t\t\t<\/div>\n\t\t\t\t<\/div>\n\t\t\t\t<div class=\"elementor-element elementor-element-d23af5d elementor-widget elementor-widget-button\" data-id=\"d23af5d\" data-element_type=\"widget\" data-widget_type=\"button.default\">\n\t\t\t\t<div class=\"elementor-widget-container\">\n\t\t\t\t\t\t\t\t\t<div class=\"elementor-button-wrapper\">\n\t\t\t\t\t<a class=\"elementor-button elementor-button-link elementor-size-sm\" href=\"https:\/\/www.metal-expert.com\/wp-content\/uploads\/2024\/12\/CERTIFICATO-ISO-9001-2024-02-15-Validity-2027-02-14.pdf\" target=\"_blank\">\n\t\t\t\t\t\t<span class=\"elementor-button-content-wrapper\">\n\t\t\t\t\t\t\t\t\t<span class=\"elementor-button-text\">Descarga el PDF<\/span>\n\t\t\t\t\t<\/span>\n\t\t\t\t\t<\/a>\n\t\t\t\t<\/div>\n\t\t\t\t\t\t\t\t<\/div>\n\t\t\t\t<\/div>\n\t\t\t\t<\/div>\n\t\t\t\t\t<\/div>\n\t\t\t\t<\/div>\n\t\t<div class=\"elementor-element elementor-element-eec51a9 e-flex e-con-boxed e-con e-parent\" data-id=\"eec51a9\" data-element_type=\"container\">\n\t\t\t\t\t<div class=\"e-con-inner\">\n\t\t\t\t<div class=\"elementor-element elementor-element-029d113 elementor-widget__width-initial elementor-widget elementor-widget-image\" data-id=\"029d113\" data-element_type=\"widget\" data-widget_type=\"image.default\">\n\t\t\t\t<div class=\"elementor-widget-container\">\n\t\t\t\t\t\t\t\t\t\t\t\t\t\t\t<img decoding=\"async\" width=\"495\" height=\"496\" src=\"https:\/\/www.metal-expert.com\/wp-content\/uploads\/2024\/12\/certificazione_ambientale-1.jpg\" class=\"attachment-large size-large wp-image-3588\" alt=\"\" srcset=\"https:\/\/www.metal-expert.com\/wp-content\/uploads\/2024\/12\/certificazione_ambientale-1.jpg 495w, https:\/\/www.metal-expert.com\/wp-content\/uploads\/2024\/12\/certificazione_ambientale-1-300x300.jpg 300w, https:\/\/www.metal-expert.com\/wp-content\/uploads\/2024\/12\/certificazione_ambientale-1-150x150.jpg 150w, https:\/\/www.metal-expert.com\/wp-content\/uploads\/2024\/12\/certificazione_ambientale-1-60x60.jpg 60w\" sizes=\"(max-width: 495px) 100vw, 495px\" \/>\t\t\t\t\t\t\t\t\t\t\t\t\t\t\t<\/div>\n\t\t\t\t<\/div>\n\t\t<div class=\"elementor-element elementor-element-dba7466 e-con-full e-flex e-con e-child\" data-id=\"dba7466\" data-element_type=\"container\">\n\t\t\t\t<div class=\"elementor-element elementor-element-18b4fb8 elementor-widget elementor-widget-heading\" data-id=\"18b4fb8\" data-element_type=\"widget\" data-widget_type=\"heading.default\">\n\t\t\t\t<div class=\"elementor-widget-container\">\n\t\t\t\t\t<h2 class=\"elementor-heading-title elementor-size-default\">Certificaci\u00f3n Ambiental<\/h2>\t\t\t\t<\/div>\n\t\t\t\t<\/div>\n\t\t\t\t<div class=\"elementor-element elementor-element-e74e204 elementor-widget elementor-widget-text-editor\" data-id=\"e74e204\" data-element_type=\"widget\" data-widget_type=\"text-editor.default\">\n\t\t\t\t<div class=\"elementor-widget-container\">\n\t\t\t\t\t\t\t\t\t<p>Certificaci\u00f3n AmDesarrollo sostenible, prevenci\u00f3n de la contaminaci\u00f3n, ecocompatibilidad de los productos, mejora continua son t\u00e9rminos que han entrado en la vida diaria de Ind.i.a.<\/p><p>La certificaci\u00f3n ambiental seg\u00fan la norma ISO 14001, o la declaraci\u00f3n ambiental EMAS, son las herramientas que las organizaciones p\u00fablicas y privadas tienen a su disposici\u00f3n para alcanzar el objetivo del desarrollo sostenible: a partir de estos supuestos, Ind.i.a. siempre ha apostado por herramientas organizativas para la gesti\u00f3n del impacto de sus actividades en el medio ambiente y ya en febrero de 2006 obtuvo la certificaci\u00f3n ISO 14001:2015.<\/p><p>Esta certificaci\u00f3n no es obligatoria, por lo que es la organizaci\u00f3n la que, voluntariamente, ha decidido apoyar y mantener un comportamiento virtuoso desde el punto de vista de la sostenibilidad ambiental.<\/p>\t\t\t\t\t\t\t\t<\/div>\n\t\t\t\t<\/div>\n\t\t\t\t<div class=\"elementor-element elementor-element-3526df9 elementor-widget elementor-widget-button\" data-id=\"3526df9\" data-element_type=\"widget\" data-widget_type=\"button.default\">\n\t\t\t\t<div class=\"elementor-widget-container\">\n\t\t\t\t\t\t\t\t\t<div class=\"elementor-button-wrapper\">\n\t\t\t\t\t<a class=\"elementor-button elementor-button-link elementor-size-sm\" href=\"https:\/\/www.metal-expert.com\/wp-content\/uploads\/2024\/12\/CERTIFICATO-ISO-14001-2024-02-17-Validity-2027-02-16.pdf\" target=\"_blank\">\n\t\t\t\t\t\t<span class=\"elementor-button-content-wrapper\">\n\t\t\t\t\t\t\t\t\t<span class=\"elementor-button-text\">Descarga el PDF<\/span>\n\t\t\t\t\t<\/span>\n\t\t\t\t\t<\/a>\n\t\t\t\t<\/div>\n\t\t\t\t\t\t\t\t<\/div>\n\t\t\t\t<\/div>\n\t\t\t\t<\/div>\n\t\t\t\t\t<\/div>\n\t\t\t\t<\/div>\n\t\t\t\t<\/div>\n\t\t","protected":false},"excerpt":{"rendered":"<p>Certificaciones Con vistas a la mejora continua en los \u00e1mbitos de la calidad, el medio ambiente y la seguridad, hemos desarrollado un sistema de gesti\u00f3n eficaz que cumple los requisitos de las normas EN 1090 &#8211; 1:2009 + A1:2011; UNI EN ISO 9001:2015; UNI EN ISO 14001:2015. Adem\u00e1s, nuestros productos tambi\u00e9n han sido probados seg\u00fan [&hellip;]<\/p>\n","protected":false},"author":1,"featured_media":0,"parent":0,"menu_order":0,"comment_status":"closed","ping_status":"closed","template":"","meta":{"footnotes":""},"class_list":["post-2555","page","type-page","status-publish","hentry"],"yoast_head":"<!-- This site is optimized with the Yoast SEO plugin v27.3 - https:\/\/yoast.com\/product\/yoast-seo-wordpress\/ -->\n<title>Certificaciones - Metal Expert<\/title>\n<meta name=\"robots\" content=\"index, follow, max-snippet:-1, max-image-preview:large, max-video-preview:-1\" \/>\n<link rel=\"canonical\" href=\"https:\/\/www.metal-expert.com\/es\/certificaciones\/\" \/>\n<meta property=\"og:locale\" content=\"es_ES\" \/>\n<meta property=\"og:type\" content=\"article\" \/>\n<meta property=\"og:title\" content=\"Certificaciones - Metal Expert\" \/>\n<meta property=\"og:description\" content=\"Certificaciones Con vistas a la mejora continua en los \u00e1mbitos de la calidad, el medio ambiente y la seguridad, hemos desarrollado un sistema de gesti\u00f3n eficaz que cumple los requisitos de las normas EN 1090 &#8211; 1:2009 + A1:2011; UNI EN ISO 9001:2015; UNI EN ISO 14001:2015. Adem\u00e1s, nuestros productos tambi\u00e9n han sido probados seg\u00fan [&hellip;]\" \/>\n<meta property=\"og:url\" content=\"https:\/\/www.metal-expert.com\/es\/certificaciones\/\" \/>\n<meta property=\"og:site_name\" content=\"Metal Expert\" \/>\n<meta property=\"article:modified_time\" content=\"2024-12-18T11:09:00+00:00\" \/>\n<meta property=\"og:image\" content=\"https:\/\/www.metal-expert.com\/wp-content\/uploads\/2024\/08\/tabella-certificazioni-es.png\" \/>\n\t<meta property=\"og:image:width\" content=\"2292\" \/>\n\t<meta property=\"og:image:height\" content=\"916\" \/>\n\t<meta property=\"og:image:type\" content=\"image\/png\" \/>\n<meta name=\"twitter:card\" content=\"summary_large_image\" \/>\n<meta name=\"twitter:label1\" content=\"Tiempo de lectura\" \/>\n\t<meta name=\"twitter:data1\" content=\"3 minutos\" \/>\n<script type=\"application\/ld+json\" class=\"yoast-schema-graph\">{\"@context\":\"https:\\\/\\\/schema.org\",\"@graph\":[{\"@type\":\"WebPage\",\"@id\":\"https:\\\/\\\/www.metal-expert.com\\\/es\\\/certificaciones\\\/\",\"url\":\"https:\\\/\\\/www.metal-expert.com\\\/es\\\/certificaciones\\\/\",\"name\":\"Certificaciones - Metal Expert\",\"isPartOf\":{\"@id\":\"https:\\\/\\\/www.metal-expert.com\\\/es\\\/#website\"},\"primaryImageOfPage\":{\"@id\":\"https:\\\/\\\/www.metal-expert.com\\\/es\\\/certificaciones\\\/#primaryimage\"},\"image\":{\"@id\":\"https:\\\/\\\/www.metal-expert.com\\\/es\\\/certificaciones\\\/#primaryimage\"},\"thumbnailUrl\":\"https:\\\/\\\/www.metal-expert.com\\\/wp-content\\\/uploads\\\/2024\\\/08\\\/tabella-certificazioni-es.png\",\"datePublished\":\"2024-04-24T07:55:50+00:00\",\"dateModified\":\"2024-12-18T11:09:00+00:00\",\"breadcrumb\":{\"@id\":\"https:\\\/\\\/www.metal-expert.com\\\/es\\\/certificaciones\\\/#breadcrumb\"},\"inLanguage\":\"es\",\"potentialAction\":[{\"@type\":\"ReadAction\",\"target\":[\"https:\\\/\\\/www.metal-expert.com\\\/es\\\/certificaciones\\\/\"]}]},{\"@type\":\"ImageObject\",\"inLanguage\":\"es\",\"@id\":\"https:\\\/\\\/www.metal-expert.com\\\/es\\\/certificaciones\\\/#primaryimage\",\"url\":\"https:\\\/\\\/www.metal-expert.com\\\/wp-content\\\/uploads\\\/2024\\\/08\\\/tabella-certificazioni-es.png\",\"contentUrl\":\"https:\\\/\\\/www.metal-expert.com\\\/wp-content\\\/uploads\\\/2024\\\/08\\\/tabella-certificazioni-es.png\"},{\"@type\":\"BreadcrumbList\",\"@id\":\"https:\\\/\\\/www.metal-expert.com\\\/es\\\/certificaciones\\\/#breadcrumb\",\"itemListElement\":[{\"@type\":\"ListItem\",\"position\":1,\"name\":\"Home\",\"item\":\"https:\\\/\\\/www.metal-expert.com\\\/es\\\/\"},{\"@type\":\"ListItem\",\"position\":2,\"name\":\"Certificaciones\"}]},{\"@type\":\"WebSite\",\"@id\":\"https:\\\/\\\/www.metal-expert.com\\\/es\\\/#website\",\"url\":\"https:\\\/\\\/www.metal-expert.com\\\/es\\\/\",\"name\":\"Metal Expert\",\"description\":\"Prodotti in ferro e acciaio inox per la distribuzione moderna\",\"publisher\":{\"@id\":\"https:\\\/\\\/www.metal-expert.com\\\/es\\\/#organization\"},\"potentialAction\":[{\"@type\":\"SearchAction\",\"target\":{\"@type\":\"EntryPoint\",\"urlTemplate\":\"https:\\\/\\\/www.metal-expert.com\\\/es\\\/?s={search_term_string}\"},\"query-input\":{\"@type\":\"PropertyValueSpecification\",\"valueRequired\":true,\"valueName\":\"search_term_string\"}}],\"inLanguage\":\"es\"},{\"@type\":\"Organization\",\"@id\":\"https:\\\/\\\/www.metal-expert.com\\\/es\\\/#organization\",\"name\":\"Metal Expert\",\"url\":\"https:\\\/\\\/www.metal-expert.com\\\/es\\\/\",\"logo\":{\"@type\":\"ImageObject\",\"inLanguage\":\"es\",\"@id\":\"https:\\\/\\\/www.metal-expert.com\\\/es\\\/#\\\/schema\\\/logo\\\/image\\\/\",\"url\":\"https:\\\/\\\/www.metal-expert.com\\\/wp-content\\\/uploads\\\/2024\\\/03\\\/metalexpert-logo.svg\",\"contentUrl\":\"https:\\\/\\\/www.metal-expert.com\\\/wp-content\\\/uploads\\\/2024\\\/03\\\/metalexpert-logo.svg\",\"width\":127,\"height\":50,\"caption\":\"Metal Expert\"},\"image\":{\"@id\":\"https:\\\/\\\/www.metal-expert.com\\\/es\\\/#\\\/schema\\\/logo\\\/image\\\/\"}}]}<\/script>\n<!-- \/ Yoast SEO plugin. -->","yoast_head_json":{"title":"Certificaciones - Metal Expert","robots":{"index":"index","follow":"follow","max-snippet":"max-snippet:-1","max-image-preview":"max-image-preview:large","max-video-preview":"max-video-preview:-1"},"canonical":"https:\/\/www.metal-expert.com\/es\/certificaciones\/","og_locale":"es_ES","og_type":"article","og_title":"Certificaciones - Metal Expert","og_description":"Certificaciones Con vistas a la mejora continua en los \u00e1mbitos de la calidad, el medio ambiente y la seguridad, hemos desarrollado un sistema de gesti\u00f3n eficaz que cumple los requisitos de las normas EN 1090 &#8211; 1:2009 + A1:2011; UNI EN ISO 9001:2015; UNI EN ISO 14001:2015. Adem\u00e1s, nuestros productos tambi\u00e9n han sido probados seg\u00fan [&hellip;]","og_url":"https:\/\/www.metal-expert.com\/es\/certificaciones\/","og_site_name":"Metal Expert","article_modified_time":"2024-12-18T11:09:00+00:00","og_image":[{"width":2292,"height":916,"url":"https:\/\/www.metal-expert.com\/wp-content\/uploads\/2024\/08\/tabella-certificazioni-es.png","type":"image\/png"}],"twitter_card":"summary_large_image","twitter_misc":{"Tiempo de lectura":"3 minutos"},"schema":{"@context":"https:\/\/schema.org","@graph":[{"@type":"WebPage","@id":"https:\/\/www.metal-expert.com\/es\/certificaciones\/","url":"https:\/\/www.metal-expert.com\/es\/certificaciones\/","name":"Certificaciones - Metal Expert","isPartOf":{"@id":"https:\/\/www.metal-expert.com\/es\/#website"},"primaryImageOfPage":{"@id":"https:\/\/www.metal-expert.com\/es\/certificaciones\/#primaryimage"},"image":{"@id":"https:\/\/www.metal-expert.com\/es\/certificaciones\/#primaryimage"},"thumbnailUrl":"https:\/\/www.metal-expert.com\/wp-content\/uploads\/2024\/08\/tabella-certificazioni-es.png","datePublished":"2024-04-24T07:55:50+00:00","dateModified":"2024-12-18T11:09:00+00:00","breadcrumb":{"@id":"https:\/\/www.metal-expert.com\/es\/certificaciones\/#breadcrumb"},"inLanguage":"es","potentialAction":[{"@type":"ReadAction","target":["https:\/\/www.metal-expert.com\/es\/certificaciones\/"]}]},{"@type":"ImageObject","inLanguage":"es","@id":"https:\/\/www.metal-expert.com\/es\/certificaciones\/#primaryimage","url":"https:\/\/www.metal-expert.com\/wp-content\/uploads\/2024\/08\/tabella-certificazioni-es.png","contentUrl":"https:\/\/www.metal-expert.com\/wp-content\/uploads\/2024\/08\/tabella-certificazioni-es.png"},{"@type":"BreadcrumbList","@id":"https:\/\/www.metal-expert.com\/es\/certificaciones\/#breadcrumb","itemListElement":[{"@type":"ListItem","position":1,"name":"Home","item":"https:\/\/www.metal-expert.com\/es\/"},{"@type":"ListItem","position":2,"name":"Certificaciones"}]},{"@type":"WebSite","@id":"https:\/\/www.metal-expert.com\/es\/#website","url":"https:\/\/www.metal-expert.com\/es\/","name":"Metal Expert","description":"Prodotti in ferro e acciaio inox per la distribuzione moderna","publisher":{"@id":"https:\/\/www.metal-expert.com\/es\/#organization"},"potentialAction":[{"@type":"SearchAction","target":{"@type":"EntryPoint","urlTemplate":"https:\/\/www.metal-expert.com\/es\/?s={search_term_string}"},"query-input":{"@type":"PropertyValueSpecification","valueRequired":true,"valueName":"search_term_string"}}],"inLanguage":"es"},{"@type":"Organization","@id":"https:\/\/www.metal-expert.com\/es\/#organization","name":"Metal Expert","url":"https:\/\/www.metal-expert.com\/es\/","logo":{"@type":"ImageObject","inLanguage":"es","@id":"https:\/\/www.metal-expert.com\/es\/#\/schema\/logo\/image\/","url":"https:\/\/www.metal-expert.com\/wp-content\/uploads\/2024\/03\/metalexpert-logo.svg","contentUrl":"https:\/\/www.metal-expert.com\/wp-content\/uploads\/2024\/03\/metalexpert-logo.svg","width":127,"height":50,"caption":"Metal Expert"},"image":{"@id":"https:\/\/www.metal-expert.com\/es\/#\/schema\/logo\/image\/"}}]}},"_links":{"self":[{"href":"https:\/\/www.metal-expert.com\/es\/wp-json\/wp\/v2\/pages\/2555","targetHints":{"allow":["GET"]}}],"collection":[{"href":"https:\/\/www.metal-expert.com\/es\/wp-json\/wp\/v2\/pages"}],"about":[{"href":"https:\/\/www.metal-expert.com\/es\/wp-json\/wp\/v2\/types\/page"}],"author":[{"embeddable":true,"href":"https:\/\/www.metal-expert.com\/es\/wp-json\/wp\/v2\/users\/1"}],"replies":[{"embeddable":true,"href":"https:\/\/www.metal-expert.com\/es\/wp-json\/wp\/v2\/comments?post=2555"}],"version-history":[{"count":10,"href":"https:\/\/www.metal-expert.com\/es\/wp-json\/wp\/v2\/pages\/2555\/revisions"}],"predecessor-version":[{"id":3594,"href":"https:\/\/www.metal-expert.com\/es\/wp-json\/wp\/v2\/pages\/2555\/revisions\/3594"}],"wp:attachment":[{"href":"https:\/\/www.metal-expert.com\/es\/wp-json\/wp\/v2\/media?parent=2555"}],"curies":[{"name":"wp","href":"https:\/\/api.w.org\/{rel}","templated":true}]}}